{"id":73,"date":"2026-01-26T14:30:04","date_gmt":"2026-01-26T13:30:04","guid":{"rendered":"https:\/\/tuzrob.hu\/?page_id=73"},"modified":"2026-02-27T09:56:59","modified_gmt":"2026-02-27T08:56:59","slug":"referenciaink","status":"publish","type":"page","link":"https:\/\/tuzrob.hu\/?page_id=73","title":{"rendered":"Referenci\u00e1ink"},"content":{"rendered":"\n<p>Babolyg\u00f3 \u00d3voda<br>Baracska K\u00f6zs\u00e9g \u00d6nkorm\u00e1nyzata<br>B\u00e9nye T\u00fcnd\u00e9rkert \u00d3voda<br>BNK-FOL Kft.<br>De\u00e1k T\u00e9ri Evang\u00e9likus Gimn\u00e1zium<br>Erd\u0151telek K\u00f6zs\u00e9g \u00d6nkorm\u00e1nyzata<br>Erd\u0151telki Gondoz\u00e1si K\u00f6zpont \u00e9s Konyha<br>Erd\u0151telki Kerekerd\u0151 \u00d3voda \u00e9s Man\u00f3cska Csal\u00e1di B\u00f6lcs\u00f6de<br>Etes K\u00f6zs\u00e9g \u00d6nkorm\u00e1nyzata<br>Fecskef\u00e9szek -Schwalbennest Oktat\u00e1si Alap\u00edtv\u00e1ny<br>F\u00e9mforgtech F\u00e9mforg\u00e1csol\u00f3 \u00e9s Alkatr\u00e9sz &#8211; Gy\u00e1rt\u00f3 Kft.<br>Gomba K\u00f6zs\u00e9g \u00d6nkorm\u00e1nyzata<br>Gombai G\u00f3lyaf\u00e9szek \u00d3voda \u00e9s Mini B\u00f6lcs\u0151de<br>Gy\u00f6mr\u0151 \u00e9s K\u00f6rny\u00e9ke Szoci\u00e1lis Szolg\u00e1ltat\u00f3 K\u00f6zpont<br>Gy\u00f6mr\u0151 V\u00e1ros \u00d6nkorm\u00e1nyzata<br>Gy\u00f6mr\u0151 V\u00e1ros \u00d6nkorm\u00e1nyzata B\u00f3bita,Arany-\u00e9s Fejleszt\u0151 \u00d3voda<br>Csemete B\u00f6lcs\u0151de \u00e9s Kicsi-k\u00e9k Tagb\u00f6lcs\u0151de Gy\u00f6mr\u0151<br>Gy\u00f6mr\u0151 V\u00e1ros \u00d6nkorm\u00e1nyzata Mesev\u00e1r, Var\u00e1zskert-\u00e9s Kast\u00e9lydomb \u00d3voda<br>Gy\u00f6mr\u0151i Csal\u00e1d-\u00e9s Gyermekj\u00f3l\u00e9ti Szolg\u00e1lat<br>Gy\u00f6mr\u0151i Reform\u00e1tus \u00d3voda<br>Hank\u00f3 Istv\u00e1n M\u0171v\u00e9szeti K\u00f6zpont<br>HE-DO Kft.<br>Huncimanci Nonprofit Kft.<br>J\u00e1szap\u00e1ti 2000 Mg.Zrt<br>JBM-SPED Kft.<br>K\u00e1l Nagyk\u00f6zs\u00e9gi \u00d6nkorm\u00e1nyzat<br>K\u00e1polna K\u00f6zs\u00e9g \u00d6nkorm\u00e1nyzata<br>K\u00e1polnai T\u00fcnd\u00e9rkert \u00d3voda, B\u00f6lcs\u0151de<br>K\u00e1va K\u00f6zs\u00e9g \u00d6nkorm\u00e1nyzata<br>K\u00e1va Kerekerd\u0151 \u00d3voda<br>K\u00e9tegyh\u00e1zi Rom\u00e1n Nemzetis\u00e9gi \u00c1ltal\u00e1nos Iskola \u00e9s \u00d3voda<br>Kisk\u00f6re V\u00e1rosi \u00d6nkorm\u00e1nyzat<br>Kisk\u00f6rei \u00d3v-Lak \u00d3voda \u00e9s Mini B\u00f6lcs\u0151de<br>Kist\u00e9rs\u00e9gi Gondoz\u00e1si K\u00f6zpont<br>Kisvir\u00e1g B\u00f6lcs\u0151de B\u00e9nye<br>K\u00f3kai B\u00f6lcs\u0151de \u00e9s Szoci\u00e1lis Alapszolg\u00e1tat\u00e1si K\u00f6zpont<br>K\u00f3ka K\u00f6zs\u00e9gi Kft<br>LaMerci Permanentmakeup Kft<br>Magrol Kft.<br>Magyar Polg\u00e1r Kft<br>M\u00e1tra Gasztron\u00f3mia Kft<br>Moln\u00e1r S\u00e1ndor e.v.- Moln\u00e1r P\u00e9ks\u00e9g<br>Moped 91\u2019Kft<br>Nagyk\u00e1ta V\u00e1rosi B\u00f6lcs\u0151de<br>Nov\u00e1k \u00e9s T\u00e1rsai Kft<br>P\u00e1zm\u00e1nd K\u00f6zs\u00e9g \u00d6nkorm\u00e1nyzata<br>P\u00e9teri K\u00f6zs\u00e9g \u00d6nkorm\u00e1nyzata<br>Szentm\u00e1rtonk\u00e1ta Nagyk\u00f6zs\u00e9g \u00d6nkorm\u00e1nyzata<br>Szentm\u00e1rtonk\u00e1tai Aprajafalva \u00d3voda , B\u00f6lcs\u0151de \u00e9s Konyha<br>Szokolya K\u00f6zs\u00e9g B\u00f6rzs\u00f6nygy\u00f6ngye \u00d3voda \u00e9s B\u00f6lcs\u0151de<br>Szokolya K\u00f6zs\u00e9g \u00d6nkorm\u00e1nyzata<br>T\u00e1pi\u00f3szelei Csicserke \u00d3voda<br>Tarna -menti Szoci\u00e1lis K\u00f6zpont K\u00e1l<br>Teleki L\u00e1szl\u00f3 Gimn\u00e1zium<br>T\u00f3falu K\u00f6zs\u00e9g \u00d6nkorm\u00e1nyzata<br>Visznek K\u00f6zs\u00e9gi \u00d6nkorm\u00e1nyzat<\/p>\n\n\n\n<p><\/p>\n","protected":false},"excerpt":{"rendered":"<p>Babolyg\u00f3 \u00d3vodaBaracska K\u00f6zs\u00e9g \u00d6nkorm\u00e1nyzataB\u00e9nye T\u00fcnd\u00e9rkert \u00d3vodaBNK-FOL Kft.De\u00e1k T\u00e9ri Evang\u00e9likus Gimn\u00e1ziumErd\u0151telek K\u00f6zs\u00e9g \u00d6nkorm\u00e1nyzataErd\u0151telki Gondoz\u00e1si K\u00f6zpont \u00e9s KonyhaErd\u0151telki Kerekerd\u0151 \u00d3voda \u00e9s Man\u00f3cska Csal\u00e1di B\u00f6lcs\u00f6deEtes K\u00f6zs\u00e9g \u00d6nkorm\u00e1nyzataFecskef\u00e9szek -Schwalbennest Oktat\u00e1si Alap\u00edtv\u00e1nyF\u00e9mforgtech F\u00e9mforg\u00e1csol\u00f3 \u00e9s Alkatr\u00e9sz &#8211; Gy\u00e1rt\u00f3 Kft.Gomba K\u00f6zs\u00e9g \u00d6nkorm\u00e1nyzataGombai G\u00f3lyaf\u00e9szek \u00d3voda \u00e9s Mini B\u00f6lcs\u0151deGy\u00f6mr\u0151 \u00e9s K\u00f6rny\u00e9ke Szoci\u00e1lis Szolg\u00e1ltat\u00f3 K\u00f6zpontGy\u00f6mr\u0151 V\u00e1ros \u00d6nkorm\u00e1nyzataGy\u00f6mr\u0151 V\u00e1ros \u00d6nkorm\u00e1nyzata B\u00f3bita,Arany-\u00e9s [&hellip;]<\/p>\n","protected":false},"author":1,"featured_media":0,"parent":0,"menu_order":0,"comment_status":"closed","ping_status":"closed","template":"","meta":{"footnotes":""},"class_list":["post-73","page","type-page","status-publish","hentry"],"_links":{"self":[{"href":"https:\/\/tuzrob.hu\/index.php?rest_route=\/wp\/v2\/pages\/73","targetHints":{"allow":["GET"]}}],"collection":[{"href":"https:\/\/tuzrob.hu\/index.php?rest_route=\/wp\/v2\/pages"}],"about":[{"href":"https:\/\/tuzrob.hu\/index.php?rest_route=\/wp\/v2\/types\/page"}],"author":[{"embeddable":true,"href":"https:\/\/tuzrob.hu\/index.php?rest_route=\/wp\/v2\/users\/1"}],"replies":[{"embeddable":true,"href":"https:\/\/tuzrob.hu\/index.php?rest_route=%2Fwp%2Fv2%2Fcomments&post=73"}],"version-history":[{"count":4,"href":"https:\/\/tuzrob.hu\/index.php?rest_route=\/wp\/v2\/pages\/73\/revisions"}],"predecessor-version":[{"id":84,"href":"https:\/\/tuzrob.hu\/index.php?rest_route=\/wp\/v2\/pages\/73\/revisions\/84"}],"wp:attachment":[{"href":"https:\/\/tuzrob.hu\/index.php?rest_route=%2Fwp%2Fv2%2Fmedia&parent=73"}],"curies":[{"name":"wp","href":"https:\/\/api.w.org\/{rel}","templated":true}]}}