{"id":3,"date":"2026-01-06T12:38:54","date_gmt":"2026-01-06T11:38:54","guid":{"rendered":"https:\/\/tuzrob.hu\/?page_id=3"},"modified":"2026-01-26T11:43:11","modified_gmt":"2026-01-26T10:43:11","slug":"adatkezelesi-tajekoztato","status":"publish","type":"page","link":"https:\/\/tuzrob.hu\/?page_id=3","title":{"rendered":"Adatkezel\u00e9si t\u00e1j\u00e9koztat\u00f3"},"content":{"rendered":"\n<h4 class=\"wp-block-heading has-text-align-left has-medium-font-size\">\ud83d\udee1\ufe0f Adatkezel\u00e9si T\u00e1j\u00e9koztat\u00f3 \u2013 E-mail marketing tev\u00e9kenys\u00e9ghez<br>Adatkezel\u0151 neve: Kis R\u00f3bert e.v.<br>Sz\u00e9khely: 2760 Nagyk\u00e1ta, Bart\u00f3k B\u00e9la u. 11.<br>E-mail c\u00edm: info@tuzrob.hu<br><br>1. Az adatkezel\u00e9s c\u00e9lja<br>Az adatkezel\u00e9s c\u00e9lja:<br>T\u0171zv\u00e9delmi szakvizsga oktat\u00e1sokkal kapcsolatos h\u00edrlevelek, prom\u00f3ci\u00f3k \u00e9s t\u00e1j\u00e9koztat\u00f3k k\u00fcld\u00e9se.<br>Olyan szem\u00e9lyek el\u00e9r\u00e9se, akik kor\u00e1bban \u00e9rdekl\u0151d\u00e9st mutattak, \u00fczleti kapcsolatban \u00e1lltak vel\u00fcnk, vagy adataik nyilv\u00e1nos forr\u00e1sb\u00f3l sz\u00e1rmaznak.<br>Az adatkezel\u00e9s nem terjed ki elemz\u00e9sre, profilalkot\u00e1sra vagy automatiz\u00e1lt d\u00f6nt\u00e9shozatalra.<br><br>2. A kezelt adatok k\u00f6re<br>Teljes n\u00e9v (ha rendelkez\u00e9sre \u00e1ll)<br>E-mail c\u00edm<br>Kapcsol\u00f3d\u00f3 c\u00e9g\/szervezet neve (ha ismert)<br>F\u00f6ldrajzi csoporttags\u00e1g(ok) (helysz\u00edn szerint)<br>Leiratkoz\u00e1si st\u00e1tusz<br>Tilt\u00f3lista st\u00e1tusz (inakt\u00edv)<br><br>3. Az adatkezel\u00e9s jogalapja<br>Az adatkezel\u00e9s jogalapja a GDPR 6. cikk (1) bekezd\u00e9s f) pontja szerinti jogos \u00e9rdek:<br>C\u00e9lzott, relev\u00e1ns t\u00e1j\u00e9koztat\u00e1s biztos\u00edt\u00e1sa olyan szem\u00e9lyek sz\u00e1m\u00e1ra, akik szakmailag \u00e9rintettek vagy nyilv\u00e1nos \u00fczleti el\u00e9rhet\u0151s\u00e9g\u00fck alapj\u00e1n megkereshet\u0151k.<br>Leiratkoz\u00e1s ut\u00e1n az \u00e9rintett e-mail c\u00edme <em>technikai tilt\u00f3list\u00e1ra<\/em> ker\u00fcl annak biztos\u00edt\u00e1s\u00e1ra, hogy j\u00f6v\u0151beni megkeres\u00e9s ne t\u00f6rt\u00e9njen \u2013 ez szint\u00e9n jogos \u00e9rdeken alapul.<br><br>4. Az adatok forr\u00e1sa<br>K\u00f6zvetlen \u00e9rdekl\u0151d\u00e9s, \u00fczleti kapcsolat, aj\u00e1nlatk\u00e9r\u00e9s<br>Internetes kutat\u00e1s (pl. c\u00e9ges weboldalak, nyilv\u00e1nos adatb\u00e1zisok)<br>Nyilv\u00e1nosan el\u00e9rhet\u0151 marketing adatb\u00e1zisok<br><br>5. Helysz\u00edn-alap\u00fa h\u00edrlevelek k\u00fcld\u00e9se<br>T\u0171zv\u00e9delmi szakvizsga oktat\u00e1sainkat k\u00fcl\u00f6nb\u00f6z\u0151 helysz\u00edneken szervezz\u00fck. E-mail kamp\u00e1nyainkat \u00fagy csoportos\u00edtjuk, hogy az adott oktat\u00e1si helysz\u00ednhez maximum 100 km-re tal\u00e1lhat\u00f3 c\u00edmzetteket \u00e9rj\u00fck el.<br>Egy e-mail c\u00edm t\u00f6bb helysz\u00ednhez is kapcsol\u00f3dhat, \u00edgy t\u00f6bb csoportban is szerepelhet.<br><br>6. Leiratkoz\u00e1s \u00e9s az adatok st\u00e1tusz\u00e1nak kezel\u00e9se<br>Amennyiben az \u00e9rintett egy adott e-mailb\u0151l leiratkozik:<br>Az \u0151 e-mail c\u00edm\u00e9t manu\u00e1lisan inakt\u00edvv\u00e1 tessz\u00fck minden olyan csoportban, ahol szerepel \u2013 f\u00fcggetlen\u00fcl att\u00f3l, hogy a leiratkoz\u00e1s csak egy konkr\u00e9t kamp\u00e1nyra vagy helysz\u00ednre vonatkozott.<br>Ez biztos\u00edtja, hogy a tov\u00e1bbiakban semmilyen oktat\u00e1si helysz\u00ednhez kapcsol\u00f3d\u00f3an ne kapjon \u00fajabb e-mailt.<br>Az \u00edgy leiratkozott e-mail c\u00edmek k\u00fcl\u00f6n nyilv\u00e1ntart\u00e1sba (\u00fan. &#8222;ne k\u00fcldj&#8221; tilt\u00f3list\u00e1ba) ker\u00fclnek, technikai c\u00e9llal.<br>Ez az adatkezel\u00e9s nem min\u0151s\u00fcl \u00faj c\u00e9l\u00fa adatkezel\u00e9snek, mivel kiz\u00e1r\u00f3lag azt szolg\u00e1lja, hogy az \u00e9rintett \u00e9rdekeit v\u00e9dj\u00fck, \u00e9s a leiratkoz\u00e1st biztosan v\u00e9grehajtsuk.<br><br>7. Az adatok meg\u0151rz\u00e9s\u00e9nek ideje<br>A h\u00edrlev\u00e9lre feliratkozott vagy akt\u00edv c\u00edmeket addig kezelj\u00fck, am\u00edg az \u00e9rintett nem iratkozik le, vagy nem k\u00e9ri t\u00f6rl\u00e9s\u00e9t.<br>A \u201ene k\u00fcldj\u201d tilt\u00f3list\u00e1n szerepl\u0151 c\u00edmeket legfeljebb 5 \u00e9vig \u0151rizz\u00fck meg, kiz\u00e1r\u00f3lag az \u00fajrak\u00fcld\u00e9s elker\u00fcl\u00e9se c\u00e9lj\u00e1b\u00f3l.<br><br>8. Adattov\u00e1bb\u00edt\u00e1s<br>Az adatokat harmadik f\u00e9l r\u00e9sz\u00e9re nem tov\u00e1bb\u00edtjuk, kiv\u00e9ve:<br>Amennyiben azt jogszab\u00e1ly el\u0151\u00edrja,<br>Vagy ha technikai szolg\u00e1ltat\u00f3t (pl. Webgalamb, SMTP szolg\u00e1ltat\u00f3) vesz\u00fcnk ig\u00e9nybe, aki adatfeldolgoz\u00f3k\u00e9nt m\u0171k\u00f6dik k\u00f6zre.<br><br>9. Az \u00e9rintettek jogai<br>Az \u00e9rintett jogosult:<br>T\u00e1j\u00e9koztat\u00e1st k\u00e9rni a r\u00f3la kezelt adatokr\u00f3l,<br>Az adatok helyesb\u00edt\u00e9s\u00e9t, t\u00f6rl\u00e9s\u00e9t vagy korl\u00e1toz\u00e1s\u00e1t k\u00e9rni,<br>Tiltakozni az adatkezel\u00e9s ellen,<br>Panaszt tenni a Nemzeti Adatv\u00e9delmi \u00e9s Inform\u00e1ci\u00f3szabads\u00e1g Hat\u00f3s\u00e1gn\u00e1l (NAIH):<br>www.naih.hu | 1363 Budapest, Pf. 9.<br><br>10. Leiratkoz\u00e1s \u00e9s kapcsolatfelv\u00e9tel<br>Minden egyes kik\u00fcld\u00f6tt lev\u00e9l v\u00e9g\u00e9n leiratkoz\u00e1si lehet\u0151s\u00e9get biztos\u00edtunk:<br>\u201eLeiratkoz\u00e1s e helysz\u00ednhez kapcsol\u00f3d\u00f3 h\u00edrlevelekr\u0151l\u201d<br>\u201eTeljes k\u00f6r\u0171 leiratkoz\u00e1s minden \u00fczenetr\u0151l\u201d (glob\u00e1lis opci\u00f3)<br>K\u00e9rd\u00e9s vagy adatkezel\u00e9ssel kapcsolatos k\u00e9relem eset\u00e9n \u00edrjon nek\u00fcnk:<br>\ud83d\udce7 info@tuzrob.hu<\/h4>\n\n\n\n<p><\/p>\n","protected":false},"excerpt":{"rendered":"<p>\ud83d\udee1\ufe0f Adatkezel\u00e9si T\u00e1j\u00e9koztat\u00f3 \u2013 E-mail marketing tev\u00e9kenys\u00e9ghezAdatkezel\u0151 neve: Kis R\u00f3bert e.v.Sz\u00e9khely: 2760 Nagyk\u00e1ta, Bart\u00f3k B\u00e9la u. 11.E-mail c\u00edm: info@tuzrob.hu 1. Az adatkezel\u00e9s c\u00e9ljaAz adatkezel\u00e9s c\u00e9lja:T\u0171zv\u00e9delmi szakvizsga oktat\u00e1sokkal kapcsolatos h\u00edrlevelek, prom\u00f3ci\u00f3k \u00e9s t\u00e1j\u00e9koztat\u00f3k k\u00fcld\u00e9se.Olyan szem\u00e9lyek el\u00e9r\u00e9se, akik kor\u00e1bban \u00e9rdekl\u0151d\u00e9st mutattak, \u00fczleti kapcsolatban \u00e1lltak vel\u00fcnk, vagy adataik nyilv\u00e1nos forr\u00e1sb\u00f3l sz\u00e1rmaznak.Az adatkezel\u00e9s nem [&hellip;]<\/p>\n","protected":false},"author":1,"featured_media":0,"parent":0,"menu_order":0,"comment_status":"closed","ping_status":"open","template":"","meta":{"footnotes":""},"class_list":["post-3","page","type-page","status-publish","hentry"],"_links":{"self":[{"href":"https:\/\/tuzrob.hu\/index.php?rest_route=\/wp\/v2\/pages\/3","targetHints":{"allow":["GET"]}}],"collection":[{"href":"https:\/\/tuzrob.hu\/index.php?rest_route=\/wp\/v2\/pages"}],"about":[{"href":"https:\/\/tuzrob.hu\/index.php?rest_route=\/wp\/v2\/types\/page"}],"author":[{"embeddable":true,"href":"https:\/\/tuzrob.hu\/index.php?rest_route=\/wp\/v2\/users\/1"}],"replies":[{"embeddable":true,"href":"https:\/\/tuzrob.hu\/index.php?rest_route=%2Fwp%2Fv2%2Fcomments&post=3"}],"version-history":[{"count":4,"href":"https:\/\/tuzrob.hu\/index.php?rest_route=\/wp\/v2\/pages\/3\/revisions"}],"predecessor-version":[{"id":72,"href":"https:\/\/tuzrob.hu\/index.php?rest_route=\/wp\/v2\/pages\/3\/revisions\/72"}],"wp:attachment":[{"href":"https:\/\/tuzrob.hu\/index.php?rest_route=%2Fwp%2Fv2%2Fmedia&parent=3"}],"curies":[{"name":"wp","href":"https:\/\/api.w.org\/{rel}","templated":true}]}}